{"id":37,"date":"2021-09-16T06:07:09","date_gmt":"2021-09-16T06:07:09","guid":{"rendered":"http:\/\/www.usrplus-sr.ro\/?page_id=37"},"modified":"2025-01-09T13:34:41","modified_gmt":"2025-01-09T13:34:41","slug":"consilieri-locali","status":"publish","type":"page","link":"https:\/\/www.usr-sr.ro\/index.php\/consilieri-locali\/","title":{"rendered":"Consilieri Locali"},"content":{"rendered":"\n<p class=\"has-text-align-center\"><strong>USR in mandatul 2024 -2028 a castigat cu ajutorul voturilor voastre trei locuri de 3 CL:<\/strong><\/p>\n\n\n\n<p class=\"has-text-align-center\"><strong>Nicolae Oprea  ***   Oana Miculaiciuc  ***   Alin Teodorescu <\/strong><\/p>\n\n\n<div class=\"wp-block-image\">\n<figure class=\"aligncenter size-full is-resized\"><img loading=\"lazy\" decoding=\"async\" width=\"528\" height=\"454\" src=\"https:\/\/www.usr-sr.ro\/wp-content\/uploads\/2025\/01\/depunere-juramant-2-1.jpg\" alt=\"\" class=\"wp-image-650\" style=\"width:358px;height:auto\" srcset=\"https:\/\/www.usr-sr.ro\/wp-content\/uploads\/2025\/01\/depunere-juramant-2-1.jpg 528w, https:\/\/www.usr-sr.ro\/wp-content\/uploads\/2025\/01\/depunere-juramant-2-1-300x258.jpg 300w\" sizes=\"auto, (max-width: 528px) 100vw, 528px\" \/><\/figure><\/div>\n\n\n<p class=\"has-text-align-center\">Daca doriti sa le semnalati o problema , puteti sale scrieti pe adresa de email:<\/p>\n\n\n\n<p class=\"has-text-align-center\"><strong>consilier.local@usr-sr.ro <\/strong><\/p>\n\n\n\n<hr class=\"wp-block-separator has-alpha-channel-opacity\"\/>\n\n\n\n<p><\/p>\n\n\n\n<p><\/p>\n\n\n\n<p class=\"has-text-align-left\"><strong>Consilier Local <\/strong> <strong>Oana Miculaiciuc <\/strong><\/p>\n\n\n\n<figure class=\"wp-block-image size-full is-resized\"><img loading=\"lazy\" decoding=\"async\" width=\"672\" height=\"1008\" src=\"http:\/\/www.usrplus-sr.ro\/wp-content\/uploads\/2023\/06\/Oana-Micolaiciuc.jpg\" alt=\"\" class=\"wp-image-340\" style=\"width:266px;height:399px\" srcset=\"https:\/\/www.usr-sr.ro\/wp-content\/uploads\/2023\/06\/Oana-Micolaiciuc.jpg 672w, https:\/\/www.usr-sr.ro\/wp-content\/uploads\/2023\/06\/Oana-Micolaiciuc-200x300.jpg 200w\" sizes=\"auto, (max-width: 672px) 100vw, 672px\" \/><\/figure>\n\n\n\n<p>Am absolvit facultatea de Management \u00een Produc\u021bie \u0219i Transporturi din cadrul Universit\u0103\u021bii Politehnica din Timi\u0219oara. Sunt ardeleanc\u0103 la origini \u0219i de profesie inginer. De la terminarea facult\u0103\u021bii, lucrez \u00een domeniul privat, pentru companii multina\u021bionale (10 ani \u00een industria automotive \u0219i ultimii 3 ani \u00een industria ceramic\u0103), ocup\u00e2ndu-m\u0103 de partea administrativ\u0103 \u0219i de contracte. Sunt responsabil\u0103 de investi\u021bii precum \u0219i de optimizarea continu\u0103 \u0219i bun\u0103 func\u021bionare a fabricii: s\u0103 g\u0103sesc cele mai bune oferte \u0219i s\u0103 \u00eentocmesc contracte pentru investi\u021bii, utilit\u0103\u021bi, materie prim\u0103 \u0219i piese de schimb, transporturi.<\/p>\n\n\n\n<p>Vreau s\u0103-mi folosesc cuno\u0219tin\u021bele dob\u00e2ndite precum \u0219i energia de care dispun pentru \u00eembun\u0103t\u0103\u021birea calit\u0103\u021bii vie\u021bii \u00een cele 3 localit\u0103\u021bi ale comunei noastre \u0219i credeti-ma, SE POATE!<\/p>\n\n\n\n<p>Exist\u0103 loc de \u00eembun\u0103t\u0103\u021biri substan\u021biale, \u0219i, cu efort, viziune \u0219i voin\u021b\u0103 din partea unei noi administra\u021bii, S\u0103nmihaiu Roman poate fi altfel!<\/p>\n\n\n\n<p><strong>Consilier Local<\/strong> <strong>Nicolae Oprea<\/strong><\/p>\n\n\n\n<figure class=\"wp-block-image size-large is-resized\"><img loading=\"lazy\" decoding=\"async\" width=\"786\" height=\"1024\" src=\"http:\/\/www.usr-sr.ro\/wp-content\/uploads\/2024\/05\/oprea-nicolae-1-786x1024.jpg\" alt=\"\" class=\"wp-image-458\" style=\"width:221px;height:auto\" srcset=\"https:\/\/www.usr-sr.ro\/wp-content\/uploads\/2024\/05\/oprea-nicolae-1-786x1024.jpg 786w, https:\/\/www.usr-sr.ro\/wp-content\/uploads\/2024\/05\/oprea-nicolae-1-230x300.jpg 230w, https:\/\/www.usr-sr.ro\/wp-content\/uploads\/2024\/05\/oprea-nicolae-1-768x1000.jpg 768w, https:\/\/www.usr-sr.ro\/wp-content\/uploads\/2024\/05\/oprea-nicolae-1.jpg 1038w\" sizes=\"auto, (max-width: 786px) 100vw, 786px\" \/><\/figure>\n\n\n\n<p>Sunt Oprea Nicolae, am 41 de ani, de meserie inginer geodez\/topograf cu peste 15 ani de experient\u0103 \u00een cadastru, urbanism \u0219i amenajarea teritoriului .<\/p>\n\n\n\n<p>Sunt c\u0103s\u0103torit \u0219i am o fetita de care sunt m\u0103ndru si de mai bine de 10 ani numesc comuna S\u00e2nmihaiu Rom\u00e2n \u201eacas\u0103\u201d<\/p>\n\n\n\n<p>\u00cen prezent sunt expert topograf responsabil de partea de cadastru \u0219i intabul\u0103ri \u00een cadrul Administra\u021biei Bazinele de Ap\u0103 Banat dar \u0219i inginer topograf autorizat ANCPI \u00een privat.<\/p>\n\n\n\n<p>Activez \u00een echipa tehnica ABA Banat de implementare proiecte PNRR \u0219i fonduri europene de anvergur\u0103 ca \u0219i expert topograf, proiecte ce dep\u0103\u0219esc suma de 200.000.000 lei. Prin proiectele mele am reu\u0219it sa reduc cheltuielile Administra\u021biei Bazinale de Ap\u0103 Banat cu intabul\u0103rile de-a lungul timpului cu mai bine de 1.000.000 lei.<\/p>\n\n\n\n<p>\u00cen calitate de Consilier Local , o sa imi folosesc toata experienta acumulata , pentru a face tot ceea ce \u00eemi sta \u00een putinta pentru binele Comunei Sanmihaiu Roman si al locuitorilor sai.<\/p>\n\n\n\n<p>Este un angajament pe care ma stadui sa \u00eel respect pe parcursul acestui an de mandat si pe care mi-l asum pe deplin.<\/p>\n\n\n\n<p><strong>Consilier Local<\/strong> <strong>Alin Teodorescu <\/strong><\/p>\n\n\n\n<figure class=\"wp-block-image size-full\"><img loading=\"lazy\" decoding=\"async\" width=\"613\" height=\"765\" src=\"https:\/\/www.usr-sr.ro\/wp-content\/uploads\/2025\/01\/Teo.jpg\" alt=\"\" class=\"wp-image-656\" srcset=\"https:\/\/www.usr-sr.ro\/wp-content\/uploads\/2025\/01\/Teo.jpg 613w, https:\/\/www.usr-sr.ro\/wp-content\/uploads\/2025\/01\/Teo-240x300.jpg 240w\" sizes=\"auto, (max-width: 613px) 100vw, 613px\" \/><\/figure>\n\n\n\n<p>Am o experienta in construc\u021bii, actualmente director comercial in o companie multina\u021bionala, responsabil pe partea de v\u00e2nz\u0103ri pe toat\u0103 zona Balcanilor.<\/p>\n","protected":false},"excerpt":{"rendered":"<p>USR in mandatul 2024 -2028 a castigat cu ajutorul voturilor voastre trei locuri de 3 CL: Nicolae Oprea *** Oana Miculaiciuc *** Alin Teodorescu Daca doriti sa le semnalati o problema , puteti sale scrieti pe adresa de email: consilier.local@usr-sr.ro Consilier Local Oana Miculaiciuc Am absolvit facultatea de Management \u00een Produc\u021bie \u0219i Transporturi din cadrul [&hellip;]<\/p>\n","protected":false},"author":2,"featured_media":0,"parent":0,"menu_order":0,"comment_status":"closed","ping_status":"closed","template":"","meta":{"footnotes":""},"class_list":["post-37","page","type-page","status-publish","hentry"],"rise-blocks_excerpt":"USR in mandatul 2024 -2028 a castigat cu ajutorul voturilor voastre trei locuri de 3 CL: Nicolae Oprea *** Oana Miculaiciuc *** Alin Teodorescu Daca doriti sa le semnalati o problema , puteti sale scrieti pe adresa de email: consilier.local@usr-sr.ro Consilier Local Oana Miculaiciuc Am absolvit facultatea de Management \u00een Produc\u021bie \u0219i Transporturi din cadrul Universit\u0103\u021bii Politehnica din Timi\u0219oara. Sunt..","_links":{"self":[{"href":"https:\/\/www.usr-sr.ro\/index.php\/wp-json\/wp\/v2\/pages\/37","targetHints":{"allow":["GET"]}}],"collection":[{"href":"https:\/\/www.usr-sr.ro\/index.php\/wp-json\/wp\/v2\/pages"}],"about":[{"href":"https:\/\/www.usr-sr.ro\/index.php\/wp-json\/wp\/v2\/types\/page"}],"author":[{"embeddable":true,"href":"https:\/\/www.usr-sr.ro\/index.php\/wp-json\/wp\/v2\/users\/2"}],"replies":[{"embeddable":true,"href":"https:\/\/www.usr-sr.ro\/index.php\/wp-json\/wp\/v2\/comments?post=37"}],"version-history":[{"count":19,"href":"https:\/\/www.usr-sr.ro\/index.php\/wp-json\/wp\/v2\/pages\/37\/revisions"}],"predecessor-version":[{"id":662,"href":"https:\/\/www.usr-sr.ro\/index.php\/wp-json\/wp\/v2\/pages\/37\/revisions\/662"}],"wp:attachment":[{"href":"https:\/\/www.usr-sr.ro\/index.php\/wp-json\/wp\/v2\/media?parent=37"}],"curies":[{"name":"wp","href":"https:\/\/api.w.org\/{rel}","templated":true}]}}